{"id":174,"date":"2025-03-18T09:02:30","date_gmt":"2025-03-18T09:02:30","guid":{"rendered":"https:\/\/www.110250.com\/WP\/index.php\/product\/stainless-steel-biker-ring-5\/"},"modified":"2025-04-02T10:23:12","modified_gmt":"2025-04-02T09:23:12","slug":"stainless-steel-biker-ring-5","status":"publish","type":"product","link":"https:\/\/www.110250.com\/WP\/?product=stainless-steel-biker-ring-5","title":{"rendered":"Harley-Davidson Softail Street Bob 114"},"content":{"rendered":"<p>Harley-Davidson Dijon, concessionnaire officiel, vous propose \u00e0 la vente ce magnifique Street Bob, mill\u00e9sime 2021 (bridable A2).<\/p>\n<p>-Couleur-<br \/>\nGris<\/p>\n<p>-Kilom\u00e8tres-<br \/>\n26 904 kms<\/p>\n<p>-Garantie &#8211;<br \/>\nGarantie 12 mois.<\/p>\n<p>-Accessoires-<br \/>\nValises amovibles<br \/>\nBulle<br \/>\nSissy bar<\/p>\n<p>La moto b\u00e9n\u00e9ficiera d&#8217;une prestation de detailing compl\u00e8te effectu\u00e9e par notre expert avant la vente.<\/p>\n<p>A venir d\u00e9couvrir dans notre showroom au 15 rue Nourissat, 21000 Dijon.<\/p>\n<p>Elle est \u00e0 jour du dernier entretien. Nous avons la possibilit\u00e9 de : &#8211; vous \u00e9laborer une offre personnalis\u00e9e de reprise de votre moto (toutes marques), &#8211; vous faire un plan de financement avec ou sans apport, avec ou sans engagement de reprise (type LOA) &#8211; vous assurer. Retrouvez toutes nos occasions dans notre Showroom au 15 rue Nourissat 21000 DIJON. *Voir conditions en magasin. ** Tarifs hors frais d&#8217;immatriculation.<\/p>\n","protected":false},"excerpt":{"rendered":"<p>Harley-Davidson Dijon, concessionnaire officiel, vous propose \u00e0 la vente ce magnifique Street Bob, mill\u00e9sime 2021 (bridable A2). <\/p>\n<p><a class=\"btn btn-secondary bikersclub-read-more-link\" href=\"https:\/\/www.110250.com\/WP\/?product=stainless-steel-biker-ring-5\">Read More&#8230;<\/a><\/p>\n","protected":false},"featured_media":503,"comment_status":"open","ping_status":"closed","template":"","meta":[],"product_brand":[],"product_cat":[33],"product_tag":[],"class_list":{"0":"post-174","1":"product","2":"type-product","3":"status-publish","4":"has-post-thumbnail","6":"product_cat-professionel","8":"first","9":"instock","10":"sale","11":"shipping-taxable","12":"purchasable","13":"product-type-simple"},"jetpack_sharing_enabled":true,"_links":{"self":[{"href":"https:\/\/www.110250.com\/WP\/index.php?rest_route=\/wp\/v2\/product\/174","targetHints":{"allow":["GET"]}}],"collection":[{"href":"https:\/\/www.110250.com\/WP\/index.php?rest_route=\/wp\/v2\/product"}],"about":[{"href":"https:\/\/www.110250.com\/WP\/index.php?rest_route=\/wp\/v2\/types\/product"}],"replies":[{"embeddable":true,"href":"https:\/\/www.110250.com\/WP\/index.php?rest_route=%2Fwp%2Fv2%2Fcomments&post=174"}],"version-history":[{"count":2,"href":"https:\/\/www.110250.com\/WP\/index.php?rest_route=\/wp\/v2\/product\/174\/revisions"}],"predecessor-version":[{"id":507,"href":"https:\/\/www.110250.com\/WP\/index.php?rest_route=\/wp\/v2\/product\/174\/revisions\/507"}],"wp:featuredmedia":[{"embeddable":true,"href":"https:\/\/www.110250.com\/WP\/index.php?rest_route=\/wp\/v2\/media\/503"}],"wp:attachment":[{"href":"https:\/\/www.110250.com\/WP\/index.php?rest_route=%2Fwp%2Fv2%2Fmedia&parent=174"}],"wp:term":[{"taxonomy":"product_brand","embeddable":true,"href":"https:\/\/www.110250.com\/WP\/index.php?rest_route=%2Fwp%2Fv2%2Fproduct_brand&post=174"},{"taxonomy":"product_cat","embeddable":true,"href":"https:\/\/www.110250.com\/WP\/index.php?rest_route=%2Fwp%2Fv2%2Fproduct_cat&post=174"},{"taxonomy":"product_tag","embeddable":true,"href":"https:\/\/www.110250.com\/WP\/index.php?rest_route=%2Fwp%2Fv2%2Fproduct_tag&post=174"}],"curies":[{"name":"wp","href":"https:\/\/api.w.org\/{rel}","templated":true}]}}