{"id":173,"date":"2025-03-18T09:02:30","date_gmt":"2025-03-18T09:02:30","guid":{"rendered":"https:\/\/www.110250.com\/WP\/index.php\/product\/stainless-steel-biker-ring-4\/"},"modified":"2025-04-02T10:22:22","modified_gmt":"2025-04-02T09:22:22","slug":"stainless-steel-biker-ring-4","status":"publish","type":"product","link":"https:\/\/www.110250.com\/WP\/?product=stainless-steel-biker-ring-4","title":{"rendered":"Harley-Davidson Breakout 117"},"content":{"rendered":"\t\t<div data-elementor-type=\"wp-post\" data-elementor-id=\"173\" class=\"elementor elementor-173\" data-elementor-post-type=\"product\">\n\t\t\t\t<div class=\"elementor-element elementor-element-52edfb31 e-flex e-con-boxed e-con e-parent\" data-id=\"52edfb31\" data-element_type=\"container\">\n\t\t\t\t\t<div class=\"e-con-inner\">\n\t\t\t\t<div class=\"elementor-element elementor-element-42518c15 elementor-widget elementor-widget-text-editor\" data-id=\"42518c15\" data-element_type=\"widget\" data-widget_type=\"text-editor.default\">\n\t\t\t\t<div class=\"elementor-widget-container\">\n\t\t\t\t\t\t\t\t\t<p>Harley-Davidson Dijon, concessionnaire officiel, vous propose \u00e0 la vente ce magnifique Breakout 117de 2024 !<\/p><p>-Couleur-<br \/>Vivid black<\/p><p>-Kilom\u00e8tres-<br \/>3 790 kms (\u00e9volutif)<\/p><p>-Garantie constructeur &#8211;<br \/>Garantie constructeur jusqu&#8217;en juin 2026.<\/p><p>A venir d\u00e9couvrir dans notre showroom au 15 rue Nourissat, 21000 Dijon.<\/p><p>Elle est \u00e0 jour du dernier entretien. Nous avons la possibilit\u00e9 de : &#8211; vous \u00e9laborer une offre personnalis\u00e9e de reprise de votre moto (toutes marques), &#8211; vous faire un plan de financement avec ou sans apport, avec ou sans engagement de reprise (type LOA) &#8211; vous assurer. Retrouvez toutes nos occasions dans notre Showroom au 15 rue Nourissat 21000 DIJON. *Voir conditions en magasin. ** Tarifs hors frais d&#8217;immatriculation.<\/p>\t\t\t\t\t\t\t\t<\/div>\n\t\t\t\t<\/div>\n\t\t\t\t\t<\/div>\n\t\t\t\t<\/div>\n\t\t\t\t<\/div>\n\t\t","protected":false},"excerpt":{"rendered":"<p>Harley-Davidson Dijon, concessionnaire officiel, vous propose \u00e0 la vente ce magnifique Breakout 117de 2024 !<\/p>\n<p>-Couleur-<br \/>\nVivid black<\/p>\n<p>-Kilom\u00e8tres-<br \/>\n3 790 kms (\u00e9volutif)<\/p>\n<p>-Garantie constructeur &#8211;<br \/>\nGarantie constructeur jusqu&#8217;en juin 2026.<\/p>\n<p>A venir d\u00e9couvrir dans notre showroom au 15 rue Nourissat, 21000 Dijon.<\/p>\n<p>Elle est \u00e0 jour du dernier entretien. Nous avons la possibilit\u00e9 de : &#8211; vous \u00e9laborer une offre personnalis\u00e9e de reprise de votre moto (toutes marques), &#8211; vous faire un plan de financement avec ou sans apport, avec ou sans engagement de reprise (type LOA) &#8211; vous assurer. Retrouvez toutes nos occasions dans notre Showroom au 15 rue Nourissat 21000 DIJON. *Voir conditions en magasin. ** Tarifs hors frais d&#8217;immatriculation.<img fetchpriority=\"high\" decoding=\"async\" class=\"alignnone size-medium wp-image-479\" src=\"https:\/\/www.110250.com\/WP\/wp-content\/uploads\/2025\/03\/71-320x240.jpg\" alt=\"\" width=\"320\" height=\"240\" srcset=\"https:\/\/www.110250.com\/WP\/wp-content\/uploads\/2025\/03\/71-320x240.jpg 320w, https:\/\/www.110250.com\/WP\/wp-content\/uploads\/2025\/03\/71-660x495.jpg 660w, https:\/\/www.110250.com\/WP\/wp-content\/uploads\/2025\/03\/71-1024x768.jpg 1024w, https:\/\/www.110250.com\/WP\/wp-content\/uploads\/2025\/03\/71-768x576.jpg 768w, https:\/\/www.110250.com\/WP\/wp-content\/uploads\/2025\/03\/71.jpg 1067w\" sizes=\"(max-width: 320px) 100vw, 320px\" \/><img decoding=\"async\" class=\"alignnone size-medium wp-image-486\" src=\"https:\/\/www.110250.com\/WP\/wp-content\/uploads\/2025\/03\/72-320x240.jpg\" alt=\"\" width=\"320\" height=\"240\" srcset=\"https:\/\/www.110250.com\/WP\/wp-content\/uploads\/2025\/03\/72-320x240.jpg 320w, https:\/\/www.110250.com\/WP\/wp-content\/uploads\/2025\/03\/72-660x495.jpg 660w, https:\/\/www.110250.com\/WP\/wp-content\/uploads\/2025\/03\/72-1024x768.jpg 1024w, https:\/\/www.110250.com\/WP\/wp-content\/uploads\/2025\/03\/72-768x576.jpg 768w, https:\/\/www.110250.com\/WP\/wp-content\/uploads\/2025\/03\/72.jpg 1067w\" sizes=\"(max-width: 320px) 100vw, 320px\" \/><img decoding=\"async\" class=\"alignnone size-medium wp-image-487\" src=\"https:\/\/www.110250.com\/WP\/wp-content\/uploads\/2025\/03\/73-320x240.jpg\" alt=\"\" width=\"320\" height=\"240\" srcset=\"https:\/\/www.110250.com\/WP\/wp-content\/uploads\/2025\/03\/73-320x240.jpg 320w, https:\/\/www.110250.com\/WP\/wp-content\/uploads\/2025\/03\/73-660x495.jpg 660w, https:\/\/www.110250.com\/WP\/wp-content\/uploads\/2025\/03\/73-1024x768.jpg 1024w, https:\/\/www.110250.com\/WP\/wp-content\/uploads\/2025\/03\/73-768x576.jpg 768w, https:\/\/www.110250.com\/WP\/wp-content\/uploads\/2025\/03\/73.jpg 1067w\" sizes=\"(max-width: 320px) 100vw, 320px\" \/><img loading=\"lazy\" decoding=\"async\" class=\"alignnone size-medium wp-image-488\" src=\"https:\/\/www.110250.com\/WP\/wp-content\/uploads\/2025\/03\/74-320x240.jpg\" alt=\"\" width=\"320\" height=\"240\" srcset=\"https:\/\/www.110250.com\/WP\/wp-content\/uploads\/2025\/03\/74-320x240.jpg 320w, https:\/\/www.110250.com\/WP\/wp-content\/uploads\/2025\/03\/74-660x495.jpg 660w, https:\/\/www.110250.com\/WP\/wp-content\/uploads\/2025\/03\/74-1024x768.jpg 1024w, https:\/\/www.110250.com\/WP\/wp-content\/uploads\/2025\/03\/74-768x576.jpg 768w, https:\/\/www.110250.com\/WP\/wp-content\/uploads\/2025\/03\/74.jpg 1067w\" sizes=\"(max-width: 320px) 100vw, 320px\" \/> <\/p>\n<p><a class=\"btn btn-secondary bikersclub-read-more-link\" href=\"https:\/\/www.110250.com\/WP\/?product=stainless-steel-biker-ring-4\">Read More&#8230;<\/a><\/p>\n","protected":false},"featured_media":479,"comment_status":"open","ping_status":"closed","template":"","meta":[],"product_brand":[],"product_cat":[33],"product_tag":[],"class_list":{"0":"post-173","1":"product","2":"type-product","3":"status-publish","4":"has-post-thumbnail","6":"product_cat-professionel","8":"first","9":"instock","10":"sale","11":"shipping-taxable","12":"purchasable","13":"product-type-simple"},"jetpack_sharing_enabled":true,"_links":{"self":[{"href":"https:\/\/www.110250.com\/WP\/index.php?rest_route=\/wp\/v2\/product\/173","targetHints":{"allow":["GET"]}}],"collection":[{"href":"https:\/\/www.110250.com\/WP\/index.php?rest_route=\/wp\/v2\/product"}],"about":[{"href":"https:\/\/www.110250.com\/WP\/index.php?rest_route=\/wp\/v2\/types\/product"}],"replies":[{"embeddable":true,"href":"https:\/\/www.110250.com\/WP\/index.php?rest_route=%2Fwp%2Fv2%2Fcomments&post=173"}],"version-history":[{"count":7,"href":"https:\/\/www.110250.com\/WP\/index.php?rest_route=\/wp\/v2\/product\/173\/revisions"}],"predecessor-version":[{"id":489,"href":"https:\/\/www.110250.com\/WP\/index.php?rest_route=\/wp\/v2\/product\/173\/revisions\/489"}],"wp:featuredmedia":[{"embeddable":true,"href":"https:\/\/www.110250.com\/WP\/index.php?rest_route=\/wp\/v2\/media\/479"}],"wp:attachment":[{"href":"https:\/\/www.110250.com\/WP\/index.php?rest_route=%2Fwp%2Fv2%2Fmedia&parent=173"}],"wp:term":[{"taxonomy":"product_brand","embeddable":true,"href":"https:\/\/www.110250.com\/WP\/index.php?rest_route=%2Fwp%2Fv2%2Fproduct_brand&post=173"},{"taxonomy":"product_cat","embeddable":true,"href":"https:\/\/www.110250.com\/WP\/index.php?rest_route=%2Fwp%2Fv2%2Fproduct_cat&post=173"},{"taxonomy":"product_tag","embeddable":true,"href":"https:\/\/www.110250.com\/WP\/index.php?rest_route=%2Fwp%2Fv2%2Fproduct_tag&post=173"}],"curies":[{"name":"wp","href":"https:\/\/api.w.org\/{rel}","templated":true}]}}