{"id":172,"date":"2025-03-18T09:02:29","date_gmt":"2025-03-18T09:02:29","guid":{"rendered":"https:\/\/www.110250.com\/WP\/index.php\/product\/stainless-steel-biker-ring-3\/"},"modified":"2025-04-02T10:24:15","modified_gmt":"2025-04-02T09:24:15","slug":"stainless-steel-biker-ring-3","status":"publish","type":"product","link":"https:\/\/www.110250.com\/WP\/?product=stainless-steel-biker-ring-3","title":{"rendered":"Harley Davidson Ultra Limited"},"content":{"rendered":"<p>Harley-Davidson Dijon, concessionnaire officiel, vous propose \u00e0 la vente ce magnifique Ultra Limited, mill\u00e9sime 2019.<\/p>\n<p>-Couleur-<br \/>\nBlack<\/p>\n<p>-Kilom\u00e8tres-<br \/>\n18 500 kms<\/p>\n<p>-Garantie &#8211;<br \/>\nGarantie 12 mois.<\/p>\n<p>La moto b\u00e9n\u00e9ficiera d&#8217;une prestation de detailing compl\u00e8te effectu\u00e9e par notre expert avant la vente.<\/p>\n<p>A venir d\u00e9couvrir dans notre showroom au 15 rue Nourissat, 21000 Dijon.<\/p>\n<p>Elle est \u00e0 jour du dernier entretien. Nous avons la possibilit\u00e9 de : &#8211; vous \u00e9laborer une offre personnalis\u00e9e de reprise de votre moto (toutes marques), &#8211; vous faire un plan de financement avec ou sans apport, avec ou sans engagement de reprise (type LOA) &#8211; vous assurer. Retrouvez toutes nos occasions dans notre Showroom au 15 rue Nourissat 21000 DIJON. *Voir conditions en magasin. ** Tarifs hors frais d&#8217;immatriculation.<\/p>\n","protected":false},"excerpt":{"rendered":"<p>Harley-Davidson Dijon, concessionnaire officiel, vous propose \u00e0 la vente ce magnifique Ultra Limited, mill\u00e9sime 2019. <\/p>\n<p><a class=\"btn btn-secondary bikersclub-read-more-link\" href=\"https:\/\/www.110250.com\/WP\/?product=stainless-steel-biker-ring-3\">Read More&#8230;<\/a><\/p>\n","protected":false},"featured_media":497,"comment_status":"open","ping_status":"closed","template":"","meta":[],"product_brand":[],"product_cat":[15,33],"product_tag":[],"class_list":{"0":"post-172","1":"product","2":"type-product","3":"status-publish","4":"has-post-thumbnail","6":"product_cat-uncategorized","7":"product_cat-professionel","9":"first","10":"instock","11":"sale","12":"shipping-taxable","13":"purchasable","14":"product-type-simple"},"jetpack_sharing_enabled":true,"_links":{"self":[{"href":"https:\/\/www.110250.com\/WP\/index.php?rest_route=\/wp\/v2\/product\/172","targetHints":{"allow":["GET"]}}],"collection":[{"href":"https:\/\/www.110250.com\/WP\/index.php?rest_route=\/wp\/v2\/product"}],"about":[{"href":"https:\/\/www.110250.com\/WP\/index.php?rest_route=\/wp\/v2\/types\/product"}],"replies":[{"embeddable":true,"href":"https:\/\/www.110250.com\/WP\/index.php?rest_route=%2Fwp%2Fv2%2Fcomments&post=172"}],"version-history":[{"count":2,"href":"https:\/\/www.110250.com\/WP\/index.php?rest_route=\/wp\/v2\/product\/172\/revisions"}],"predecessor-version":[{"id":501,"href":"https:\/\/www.110250.com\/WP\/index.php?rest_route=\/wp\/v2\/product\/172\/revisions\/501"}],"wp:featuredmedia":[{"embeddable":true,"href":"https:\/\/www.110250.com\/WP\/index.php?rest_route=\/wp\/v2\/media\/497"}],"wp:attachment":[{"href":"https:\/\/www.110250.com\/WP\/index.php?rest_route=%2Fwp%2Fv2%2Fmedia&parent=172"}],"wp:term":[{"taxonomy":"product_brand","embeddable":true,"href":"https:\/\/www.110250.com\/WP\/index.php?rest_route=%2Fwp%2Fv2%2Fproduct_brand&post=172"},{"taxonomy":"product_cat","embeddable":true,"href":"https:\/\/www.110250.com\/WP\/index.php?rest_route=%2Fwp%2Fv2%2Fproduct_cat&post=172"},{"taxonomy":"product_tag","embeddable":true,"href":"https:\/\/www.110250.com\/WP\/index.php?rest_route=%2Fwp%2Fv2%2Fproduct_tag&post=172"}],"curies":[{"name":"wp","href":"https:\/\/api.w.org\/{rel}","templated":true}]}}